{"id":1722,"date":"2024-12-23T08:44:42","date_gmt":"2024-12-23T07:44:42","guid":{"rendered":"https:\/\/new.see-network.com\/?page_id=1722"},"modified":"2025-03-24T14:01:16","modified_gmt":"2025-03-24T13:01:16","slug":"servicios","status":"publish","type":"page","link":"https:\/\/new.see-network.com\/es\/servicios\/","title":{"rendered":"Servicios"},"content":{"rendered":"\t\t<div data-elementor-type=\"wp-page\" data-elementor-id=\"1722\" class=\"elementor elementor-1722 elementor-304\" data-elementor-post-type=\"page\">\n\t\t\t\t<div class=\"elementor-element elementor-element-39f53ee2 e-con-full e-flex e-con e-parent\" data-id=\"39f53ee2\" data-element_type=\"container\" data-settings=\"{&quot;background_background&quot;:&quot;classic&quot;}\">\n\t\t\t\t<div class=\"elementor-element elementor-element-4330b034 elementor-widget elementor-widget-heading\" data-id=\"4330b034\" data-element_type=\"widget\" data-widget_type=\"heading.default\">\n\t\t\t\t<div class=\"elementor-widget-container\">\n\t\t\t\t\t<h2 class=\"elementor-heading-title elementor-size-default\">Servicios<\/h2>\t\t\t\t<\/div>\n\t\t\t\t<\/div>\n\t\t\t\t<\/div>\n\t\t<div class=\"elementor-element elementor-element-566da097 e-flex e-con-boxed e-con e-parent\" data-id=\"566da097\" data-element_type=\"container\">\n\t\t\t\t\t<div class=\"e-con-inner\">\n\t\t\t\t<div class=\"elementor-element elementor-element-140141f9 elementor-widget-tablet__width-initial elementor-widget elementor-widget-heading\" data-id=\"140141f9\" data-element_type=\"widget\" data-widget_type=\"heading.default\">\n\t\t\t\t<div class=\"elementor-widget-container\">\n\t\t\t\t\t<h2 class=\"elementor-heading-title elementor-size-default\">\/\/ servicios<\/h2>\t\t\t\t<\/div>\n\t\t\t\t<\/div>\n\t\t\t\t<div class=\"elementor-element elementor-element-22d152b0 elementor-widget elementor-widget-heading\" data-id=\"22d152b0\" data-element_type=\"widget\" data-widget_type=\"heading.default\">\n\t\t\t\t<div class=\"elementor-widget-container\">\n\t\t\t\t\t<h2 class=\"elementor-heading-title elementor-size-default\">SEE network es su socio para la gesti\u00f3n global de eventos y destinos. Creemos juntos experiencias de eventos sostenibles.<\/h2>\t\t\t\t<\/div>\n\t\t\t\t<\/div>\n\t\t\t\t<div class=\"elementor-element elementor-element-7e459204 elementor-widget-mobile__width-initial elementor-widget elementor-widget-heading\" data-id=\"7e459204\" data-element_type=\"widget\" data-widget_type=\"heading.default\">\n\t\t\t\t<div class=\"elementor-widget-container\">\n\t\t\t\t\t<h2 class=\"elementor-heading-title elementor-size-default\">Como red, ponemos a su disposici\u00f3n toda la experiencia en eventos, el poder adquisitivo y las conexiones locales que pueda necesitar en un solo lugar, como \u00fanica fuente global de apoyo a la planificaci\u00f3n y ejecuci\u00f3n. <b>Proveedor integral mundial de eventos y gesti\u00f3n de destinos.<\/b> La red SEE est\u00e1 dise\u00f1ada espec\u00edficamente para brindar experiencia como una extensi\u00f3n de los equipos de agencias o clientes internos. Hablamos el idioma de su cliente mientras negociamos con proveedores locales para conseguir las mejores ofertas disponibles para reuniones, incentivos y eventos en vivo.<b>\n<\/b><\/h2>\t\t\t\t<\/div>\n\t\t\t\t<\/div>\n\t\t\t\t<div class=\"elementor-element elementor-element-10dfc6bd elementor-icon-list--layout-traditional elementor-list-item-link-full_width elementor-widget elementor-widget-icon-list\" data-id=\"10dfc6bd\" data-element_type=\"widget\" data-widget_type=\"icon-list.default\">\n\t\t\t\t<div class=\"elementor-widget-container\">\n\t\t\t\t\t\t\t<ul class=\"elementor-icon-list-items\">\n\t\t\t\t\t\t\t<li class=\"elementor-icon-list-item\">\n\t\t\t\t\t\t\t\t\t\t\t<span class=\"elementor-icon-list-icon\">\n\t\t\t\t\t\t\t<svg aria-hidden=\"true\" class=\"e-font-icon-svg e-fas-long-arrow-alt-right\" viewBox=\"0 0 448 512\" xmlns=\"http:\/\/www.w3.org\/2000\/svg\"><path d=\"M313.941 216H12c-6.627 0-12 5.373-12 12v56c0 6.627 5.373 12 12 12h301.941v46.059c0 21.382 25.851 32.09 40.971 16.971l86.059-86.059c9.373-9.373 9.373-24.569 0-33.941l-86.059-86.059c-15.119-15.119-40.971-4.411-40.971 16.971V216z\"><\/path><\/svg>\t\t\t\t\t\t<\/span>\n\t\t\t\t\t\t\t\t\t\t<span class=\"elementor-icon-list-text\"><b>Optimizaci\u00f3n de costes:<\/b> econom\u00edas de escala, conocimientos de abastecimiento local, optimizaci\u00f3n del IVA, opci\u00f3n de facturaci\u00f3n \u00fanica.<\/span>\n\t\t\t\t\t\t\t\t\t<\/li>\n\t\t\t\t\t\t\t\t<li class=\"elementor-icon-list-item\">\n\t\t\t\t\t\t\t\t\t\t\t<span class=\"elementor-icon-list-icon\">\n\t\t\t\t\t\t\t<svg aria-hidden=\"true\" class=\"e-font-icon-svg e-fas-long-arrow-alt-right\" viewBox=\"0 0 448 512\" xmlns=\"http:\/\/www.w3.org\/2000\/svg\"><path d=\"M313.941 216H12c-6.627 0-12 5.373-12 12v56c0 6.627 5.373 12 12 12h301.941v46.059c0 21.382 25.851 32.09 40.971 16.971l86.059-86.059c9.373-9.373 9.373-24.569 0-33.941l-86.059-86.059c-15.119-15.119-40.971-4.411-40.971 16.971V216z\"><\/path><\/svg>\t\t\t\t\t\t<\/span>\n\t\t\t\t\t\t\t\t\t\t<span class=\"elementor-icon-list-text\"><b>Conocimiento local<\/b>  Especialistas locales establecidos en una red en crecimiento en siete pa\u00edses y en el extranjero<\/span>\n\t\t\t\t\t\t\t\t\t<\/li>\n\t\t\t\t\t\t\t\t<li class=\"elementor-icon-list-item\">\n\t\t\t\t\t\t\t\t\t\t\t<span class=\"elementor-icon-list-icon\">\n\t\t\t\t\t\t\t<svg aria-hidden=\"true\" class=\"e-font-icon-svg e-fas-long-arrow-alt-right\" viewBox=\"0 0 448 512\" xmlns=\"http:\/\/www.w3.org\/2000\/svg\"><path d=\"M313.941 216H12c-6.627 0-12 5.373-12 12v56c0 6.627 5.373 12 12 12h301.941v46.059c0 21.382 25.851 32.09 40.971 16.971l86.059-86.059c9.373-9.373 9.373-24.569 0-33.941l-86.059-86.059c-15.119-15.119-40.971-4.411-40.971 16.971V216z\"><\/path><\/svg>\t\t\t\t\t\t<\/span>\n\t\t\t\t\t\t\t\t\t\t<span class=\"elementor-icon-list-text\"><b>Conocimiento <\/b>Comprensi\u00f3n personalizada de los matices culturales e internacionales<\/span>\n\t\t\t\t\t\t\t\t\t<\/li>\n\t\t\t\t\t\t\t\t<li class=\"elementor-icon-list-item\">\n\t\t\t\t\t\t\t\t\t\t\t<span class=\"elementor-icon-list-icon\">\n\t\t\t\t\t\t\t<svg aria-hidden=\"true\" class=\"e-font-icon-svg e-fas-long-arrow-alt-right\" viewBox=\"0 0 448 512\" xmlns=\"http:\/\/www.w3.org\/2000\/svg\"><path d=\"M313.941 216H12c-6.627 0-12 5.373-12 12v56c0 6.627 5.373 12 12 12h301.941v46.059c0 21.382 25.851 32.09 40.971 16.971l86.059-86.059c9.373-9.373 9.373-24.569 0-33.941l-86.059-86.059c-15.119-15.119-40.971-4.411-40.971 16.971V216z\"><\/path><\/svg>\t\t\t\t\t\t<\/span>\n\t\t\t\t\t\t\t\t\t\t<span class=\"elementor-icon-list-text\"><b>Flexibilidad<\/b>Respuestas r\u00e1pidas y \u00e1giles, incluso con solicitudes de \u00faltimo momento<\/span>\n\t\t\t\t\t\t\t\t\t<\/li>\n\t\t\t\t\t\t\t\t<li class=\"elementor-icon-list-item\">\n\t\t\t\t\t\t\t\t\t\t\t<span class=\"elementor-icon-list-icon\">\n\t\t\t\t\t\t\t<svg aria-hidden=\"true\" class=\"e-font-icon-svg e-fas-long-arrow-alt-right\" viewBox=\"0 0 448 512\" xmlns=\"http:\/\/www.w3.org\/2000\/svg\"><path d=\"M313.941 216H12c-6.627 0-12 5.373-12 12v56c0 6.627 5.373 12 12 12h301.941v46.059c0 21.382 25.851 32.09 40.971 16.971l86.059-86.059c9.373-9.373 9.373-24.569 0-33.941l-86.059-86.059c-15.119-15.119-40.971-4.411-40.971 16.971V216z\"><\/path><\/svg>\t\t\t\t\t\t<\/span>\n\t\t\t\t\t\t\t\t\t\t<span class=\"elementor-icon-list-text\"><b>Transparencia <\/b>Asesoramiento confiable y costos transparentes<\/span>\n\t\t\t\t\t\t\t\t\t<\/li>\n\t\t\t\t\t\t<\/ul>\n\t\t\t\t\t\t<\/div>\n\t\t\t\t<\/div>\n\t\t\t\t\t<\/div>\n\t\t\t\t<\/div>\n\t\t\t\t<\/div>\n\t\t","protected":false},"excerpt":{"rendered":"<p>Servicios \/\/ servicios SEE network es su socio para la gesti\u00f3n global de eventos y destinos. Creemos juntos experiencias de eventos sostenibles. Como red, ponemos a su disposici\u00f3n toda la experiencia en eventos, el poder adquisitivo y las conexiones locales que pueda necesitar en un solo lugar, como \u00fanica fuente global de apoyo a la [&hellip;]<\/p>\n","protected":false},"author":1,"featured_media":0,"parent":0,"menu_order":0,"comment_status":"closed","ping_status":"closed","template":"elementor_header_footer","meta":{"_acf_changed":false,"footnotes":""},"class_list":["post-1722","page","type-page","status-publish","hentry"],"acf":[],"yoast_head":"<!-- This site is optimized with the Yoast SEO plugin v25.0 - https:\/\/yoast.com\/wordpress\/plugins\/seo\/ -->\n<title>Servicios - see-network<\/title>\n<meta name=\"robots\" content=\"noindex, follow, max-snippet:-1, max-image-preview:large, max-video-preview:-1\" \/>\n<meta property=\"og:locale\" content=\"es_ES\" \/>\n<meta property=\"og:type\" content=\"article\" \/>\n<meta property=\"og:title\" content=\"Servicios - see-network\" \/>\n<meta property=\"og:description\" content=\"Servicios \/\/ servicios SEE network es su socio para la gesti\u00f3n global de eventos y destinos. Creemos juntos experiencias de eventos sostenibles. Como red, ponemos a su disposici\u00f3n toda la experiencia en eventos, el poder adquisitivo y las conexiones locales que pueda necesitar en un solo lugar, como \u00fanica fuente global de apoyo a la [&hellip;]\" \/>\n<meta property=\"og:url\" content=\"https:\/\/new.see-network.com\/es\/servicios\/\" \/>\n<meta property=\"og:site_name\" content=\"see-network\" \/>\n<meta property=\"article:modified_time\" content=\"2025-03-24T13:01:16+00:00\" \/>\n<meta name=\"twitter:card\" content=\"summary_large_image\" \/>\n<meta name=\"twitter:label1\" content=\"Tiempo de lectura\" \/>\n\t<meta name=\"twitter:data1\" content=\"1 minuto\" \/>\n<script type=\"application\/ld+json\" class=\"yoast-schema-graph\">{\"@context\":\"https:\/\/schema.org\",\"@graph\":[{\"@type\":\"WebPage\",\"@id\":\"https:\/\/new.see-network.com\/es\/servicios\/\",\"url\":\"https:\/\/new.see-network.com\/es\/servicios\/\",\"name\":\"Servicios - see-network\",\"isPartOf\":{\"@id\":\"https:\/\/new.see-network.com\/#website\"},\"datePublished\":\"2024-12-23T07:44:42+00:00\",\"dateModified\":\"2025-03-24T13:01:16+00:00\",\"breadcrumb\":{\"@id\":\"https:\/\/new.see-network.com\/es\/servicios\/#breadcrumb\"},\"inLanguage\":\"es\",\"potentialAction\":[{\"@type\":\"ReadAction\",\"target\":[\"https:\/\/new.see-network.com\/es\/servicios\/\"]}]},{\"@type\":\"BreadcrumbList\",\"@id\":\"https:\/\/new.see-network.com\/es\/servicios\/#breadcrumb\",\"itemListElement\":[{\"@type\":\"ListItem\",\"position\":1,\"name\":\"Portada\",\"item\":\"https:\/\/new.see-network.com\/es\/\"},{\"@type\":\"ListItem\",\"position\":2,\"name\":\"Servicios\"}]},{\"@type\":\"WebSite\",\"@id\":\"https:\/\/new.see-network.com\/#website\",\"url\":\"https:\/\/new.see-network.com\/\",\"name\":\"see-network\",\"description\":\"\",\"publisher\":{\"@id\":\"https:\/\/new.see-network.com\/#organization\"},\"potentialAction\":[{\"@type\":\"SearchAction\",\"target\":{\"@type\":\"EntryPoint\",\"urlTemplate\":\"https:\/\/new.see-network.com\/?s={search_term_string}\"},\"query-input\":{\"@type\":\"PropertyValueSpecification\",\"valueRequired\":true,\"valueName\":\"search_term_string\"}}],\"inLanguage\":\"es\"},{\"@type\":\"Organization\",\"@id\":\"https:\/\/new.see-network.com\/#organization\",\"name\":\"see-network\",\"url\":\"https:\/\/new.see-network.com\/\",\"logo\":{\"@type\":\"ImageObject\",\"inLanguage\":\"es\",\"@id\":\"https:\/\/new.see-network.com\/#\/schema\/logo\/image\/\",\"url\":\"https:\/\/new.see-network.com\/wp-content\/uploads\/2024\/10\/logo.svg\",\"contentUrl\":\"https:\/\/new.see-network.com\/wp-content\/uploads\/2024\/10\/logo.svg\",\"caption\":\"see-network\"},\"image\":{\"@id\":\"https:\/\/new.see-network.com\/#\/schema\/logo\/image\/\"}}]}<\/script>\n<!-- \/ Yoast SEO plugin. -->","yoast_head_json":{"title":"Servicios - see-network","robots":{"index":"noindex","follow":"follow","max-snippet":"max-snippet:-1","max-image-preview":"max-image-preview:large","max-video-preview":"max-video-preview:-1"},"og_locale":"es_ES","og_type":"article","og_title":"Servicios - see-network","og_description":"Servicios \/\/ servicios SEE network es su socio para la gesti\u00f3n global de eventos y destinos. Creemos juntos experiencias de eventos sostenibles. Como red, ponemos a su disposici\u00f3n toda la experiencia en eventos, el poder adquisitivo y las conexiones locales que pueda necesitar en un solo lugar, como \u00fanica fuente global de apoyo a la [&hellip;]","og_url":"https:\/\/new.see-network.com\/es\/servicios\/","og_site_name":"see-network","article_modified_time":"2025-03-24T13:01:16+00:00","twitter_card":"summary_large_image","twitter_misc":{"Tiempo de lectura":"1 minuto"},"schema":{"@context":"https:\/\/schema.org","@graph":[{"@type":"WebPage","@id":"https:\/\/new.see-network.com\/es\/servicios\/","url":"https:\/\/new.see-network.com\/es\/servicios\/","name":"Servicios - see-network","isPartOf":{"@id":"https:\/\/new.see-network.com\/#website"},"datePublished":"2024-12-23T07:44:42+00:00","dateModified":"2025-03-24T13:01:16+00:00","breadcrumb":{"@id":"https:\/\/new.see-network.com\/es\/servicios\/#breadcrumb"},"inLanguage":"es","potentialAction":[{"@type":"ReadAction","target":["https:\/\/new.see-network.com\/es\/servicios\/"]}]},{"@type":"BreadcrumbList","@id":"https:\/\/new.see-network.com\/es\/servicios\/#breadcrumb","itemListElement":[{"@type":"ListItem","position":1,"name":"Portada","item":"https:\/\/new.see-network.com\/es\/"},{"@type":"ListItem","position":2,"name":"Servicios"}]},{"@type":"WebSite","@id":"https:\/\/new.see-network.com\/#website","url":"https:\/\/new.see-network.com\/","name":"see-network","description":"","publisher":{"@id":"https:\/\/new.see-network.com\/#organization"},"potentialAction":[{"@type":"SearchAction","target":{"@type":"EntryPoint","urlTemplate":"https:\/\/new.see-network.com\/?s={search_term_string}"},"query-input":{"@type":"PropertyValueSpecification","valueRequired":true,"valueName":"search_term_string"}}],"inLanguage":"es"},{"@type":"Organization","@id":"https:\/\/new.see-network.com\/#organization","name":"see-network","url":"https:\/\/new.see-network.com\/","logo":{"@type":"ImageObject","inLanguage":"es","@id":"https:\/\/new.see-network.com\/#\/schema\/logo\/image\/","url":"https:\/\/new.see-network.com\/wp-content\/uploads\/2024\/10\/logo.svg","contentUrl":"https:\/\/new.see-network.com\/wp-content\/uploads\/2024\/10\/logo.svg","caption":"see-network"},"image":{"@id":"https:\/\/new.see-network.com\/#\/schema\/logo\/image\/"}}]}},"_links":{"self":[{"href":"https:\/\/new.see-network.com\/es\/wp-json\/wp\/v2\/pages\/1722","targetHints":{"allow":["GET"]}}],"collection":[{"href":"https:\/\/new.see-network.com\/es\/wp-json\/wp\/v2\/pages"}],"about":[{"href":"https:\/\/new.see-network.com\/es\/wp-json\/wp\/v2\/types\/page"}],"author":[{"embeddable":true,"href":"https:\/\/new.see-network.com\/es\/wp-json\/wp\/v2\/users\/1"}],"replies":[{"embeddable":true,"href":"https:\/\/new.see-network.com\/es\/wp-json\/wp\/v2\/comments?post=1722"}],"version-history":[{"count":5,"href":"https:\/\/new.see-network.com\/es\/wp-json\/wp\/v2\/pages\/1722\/revisions"}],"predecessor-version":[{"id":1753,"href":"https:\/\/new.see-network.com\/es\/wp-json\/wp\/v2\/pages\/1722\/revisions\/1753"}],"wp:attachment":[{"href":"https:\/\/new.see-network.com\/es\/wp-json\/wp\/v2\/media?parent=1722"}],"curies":[{"name":"wp","href":"https:\/\/api.w.org\/{rel}","templated":true}]}}