{"id":1733,"date":"2024-12-17T10:48:10","date_gmt":"2024-12-17T09:48:10","guid":{"rendered":"https:\/\/new.see-network.com\/?page_id=1733"},"modified":"2025-03-24T14:42:21","modified_gmt":"2025-03-24T13:42:21","slug":"sobre-nosotros","status":"publish","type":"page","link":"https:\/\/new.see-network.com\/es\/sobre-nosotros\/","title":{"rendered":"Sobre Nosotros"},"content":{"rendered":"\t\t<div data-elementor-type=\"wp-page\" data-elementor-id=\"1733\" class=\"elementor elementor-1733 elementor-116\" data-elementor-post-type=\"page\">\n\t\t\t\t<div class=\"elementor-element elementor-element-77eab183 e-con-full e-flex e-con e-parent\" data-id=\"77eab183\" data-element_type=\"container\" data-settings=\"{&quot;background_background&quot;:&quot;classic&quot;}\">\n\t\t\t\t<div class=\"elementor-element elementor-element-17a29457 elementor-widget elementor-widget-heading\" data-id=\"17a29457\" data-element_type=\"widget\" data-widget_type=\"heading.default\">\n\t\t\t\t<div class=\"elementor-widget-container\">\n\t\t\t\t\t<h2 class=\"elementor-heading-title elementor-size-default\">Sobre Nosotros\u200b<\/h2>\t\t\t\t<\/div>\n\t\t\t\t<\/div>\n\t\t\t\t<\/div>\n\t\t<div class=\"elementor-element elementor-element-5c64199 e-flex e-con-boxed e-con e-parent\" data-id=\"5c64199\" data-element_type=\"container\" data-settings=\"{&quot;background_background&quot;:&quot;classic&quot;}\">\n\t\t\t\t\t<div class=\"e-con-inner\">\n\t\t<div class=\"elementor-element elementor-element-51328a5f e-con-full e-flex e-con e-child\" data-id=\"51328a5f\" data-element_type=\"container\">\n\t\t\t\t<div class=\"elementor-element elementor-element-1853df9e elementor-widget-tablet__width-initial elementor-widget__width-initial elementor-widget elementor-widget-text-editor\" data-id=\"1853df9e\" data-element_type=\"widget\" data-widget_type=\"text-editor.default\">\n\t\t\t\t<div class=\"elementor-widget-container\">\n\t\t\t\t\t\t\t\t\t<p>La historia detr\u00e1s de\u00a0 SEE<\/p>\t\t\t\t\t\t\t\t<\/div>\n\t\t\t\t<\/div>\n\t\t\t\t<div class=\"elementor-element elementor-element-71131792 elementor-widget elementor-widget-text-editor\" data-id=\"71131792\" data-element_type=\"widget\" data-widget_type=\"text-editor.default\">\n\t\t\t\t<div class=\"elementor-widget-container\">\n\t\t\t\t\t\t\t\t\t<p><strong>Un proyecto a largo plazo<br \/><\/strong><span style=\"color: #444444;\">de Christian Seidenst\u00fccker, fundador y Director General de JOKE Event AG.\u00a0<\/span><\/p>\t\t\t\t\t\t\t\t<\/div>\n\t\t\t\t<\/div>\n\t\t\t\t<div class=\"elementor-element elementor-element-6f61f173 elementor-position-left elementor-mobile-position-left elementor-vertical-align-middle elementor-view-default elementor-widget elementor-widget-icon-box\" data-id=\"6f61f173\" data-element_type=\"widget\" data-widget_type=\"icon-box.default\">\n\t\t\t\t<div class=\"elementor-widget-container\">\n\t\t\t\t\t\t\t<div class=\"elementor-icon-box-wrapper\">\n\n\t\t\t\t\t\t<div class=\"elementor-icon-box-icon\">\n\t\t\t\t<a href=\"#historia\" class=\"elementor-icon\" tabindex=\"-1\" aria-label=\"Descubre toda la historia\">\n\t\t\t\t<svg xmlns=\"http:\/\/www.w3.org\/2000\/svg\" width=\"29.25\" height=\"29.25\" viewBox=\"0 0 29.25 29.25\"><path id=\"Icon_ionic-ios-arrow-dropright-circle\" data-name=\"Icon ionic-ios-arrow-dropright-circle\" d=\"M3.375,18A14.625,14.625,0,1,0,18,3.375,14.623,14.623,0,0,0,3.375,18Zm17.191,0-5.759-5.7a1.357,1.357,0,0,1,1.92-1.92l6.708,6.729a1.356,1.356,0,0,1,.042,1.87l-6.609,6.63a1.355,1.355,0,1,1-1.92-1.912Z\" transform=\"translate(-3.375 -3.375)\" fill=\"#d39400\"><\/path><\/svg>\t\t\t\t<\/a>\n\t\t\t<\/div>\n\t\t\t\n\t\t\t\t\t\t<div class=\"elementor-icon-box-content\">\n\n\t\t\t\t\t\t\t\t\t<h3 class=\"elementor-icon-box-title\">\n\t\t\t\t\t\t<a href=\"#historia\" >\n\t\t\t\t\t\t\tDescubre toda la historia\t\t\t\t\t\t<\/a>\n\t\t\t\t\t<\/h3>\n\t\t\t\t\n\t\t\t\t\n\t\t\t<\/div>\n\t\t\t\n\t\t<\/div>\n\t\t\t\t\t\t<\/div>\n\t\t\t\t<\/div>\n\t\t\t\t<\/div>\n\t\t<div class=\"elementor-element elementor-element-4c1a35d7 e-con-full e-flex e-con e-child\" data-id=\"4c1a35d7\" data-element_type=\"container\" data-settings=\"{&quot;background_background&quot;:&quot;classic&quot;}\">\n\t\t\t\t<\/div>\n\t\t\t\t\t<\/div>\n\t\t\t\t<\/div>\n\t\t<div class=\"elementor-element elementor-element-4d5a22bb e-flex e-con-boxed e-con e-parent\" data-id=\"4d5a22bb\" data-element_type=\"container\" id=\"historia\" data-settings=\"{&quot;background_background&quot;:&quot;classic&quot;}\">\n\t\t\t\t\t<div class=\"e-con-inner\">\n\t\t\t\t<div class=\"elementor-element elementor-element-2129a98f elementor-widget-mobile__width-initial elementor-widget elementor-widget-heading\" data-id=\"2129a98f\" data-element_type=\"widget\" data-widget_type=\"heading.default\">\n\t\t\t\t<div class=\"elementor-widget-container\">\n\t\t\t\t\t<h2 class=\"elementor-heading-title elementor-size-default\">Un proyecto a largo plazo<\/h2>\t\t\t\t<\/div>\n\t\t\t\t<\/div>\n\t\t\t\t<div class=\"elementor-element elementor-element-4565c0db elementor-widget elementor-widget-text-editor\" data-id=\"4565c0db\" data-element_type=\"widget\" data-widget_type=\"text-editor.default\">\n\t\t\t\t<div class=\"elementor-widget-container\">\n\t\t\t\t\t\t\t\t\t<p>Un proyecto a largo plazo de\u00a0<strong>Christian Seidenst\u00fccker, fundador y director general<\/strong>\u00a0de una agencia de eventos alemana con presencia internacional.<br \/>Desde hace m\u00e1s de diez a\u00f1os, ha entrado repetidamente en contacto con figuras destacadas de la industria internacional de eventos. Sus caminos se cruzaron en reuniones del sector y ferias, en licitaciones y proyectos con muchos clientes, en su mayor\u00eda internacionales.<\/p><p>Pero no fue hasta<strong>\u00a0enero de 2019<\/strong>\u00a0cuando una afortunada coincidencia hizo que tuvieran mucho tiempo para filosofar juntos al margen de un evento y una idea empez\u00f3 a tomar forma: Es hora de abrir nuevos caminos.<br \/>\u00bfQu\u00e9 pasar\u00eda si\u2026 la comunicaci\u00f3n en directo y los servicios de DMC estuvieran estrechamente interrelacionados? \u2026 el conflicto entre la \u00abl\u00f3gica local\u00bb y los \u00abrequisitos del cliente\u00bb dejara de ocupar el tiempo y los nervios de todos? \u2026los clientes ya no tendr\u00edan que enfrentarse a l\u00f3gicas de precios y situaciones jur\u00eddicas diferentes en los distintos pa\u00edses? La soluci\u00f3n a estos y otros obst\u00e1culos operativos en el negocio de los eventos es obvia: una estrecha integraci\u00f3n de las actividades de \u00abeventos\u00bb y \u00abDMC\u00bb con una s\u00f3lida red de todos los socios relevantes en el mercado respectivo. Con una visi\u00f3n y un tratamiento hol\u00edsticos de los innumerables factores que intervienen en los grandes eventos internacionales.<br \/>No se puede prescindir de los socios locales. Sin embargo, diez veces la l\u00f3gica local en un roadshow o en una serie de eventos paneuropeos es dif\u00edcil de comunicar a los clientes. En consecuencia, las agencias suelen organizar directamente in situ y se dan cuenta tarde o incluso demasiado tarde de los escollos locales.<\/p><p>Pronto qued\u00f3 claro que se necesitaba un nuevo enfoque hol\u00edstico. Los DMC y los especialistas en eventos pueden conseguir m\u00e1s juntos que por separado. Lo \u00fanico que hay que tener claro es d\u00f3nde est\u00e1n las prioridades del cliente y del proyecto, si las facetas locales siguen la l\u00f3gica in situ o si la visi\u00f3n de conjunto determina tambi\u00e9n los detalles in situ.<br \/>Los clientes entrevistados confidencialmente reaccionaron muy positivamente a la idea de unos servicios de organizaci\u00f3n de eventos y DMC integrados y paneuropeos. Cada vez estaba m\u00e1s claro que estaba surgiendo algo innovador que el mercado buscaba cada vez con m\u00e1s urgencia. R\u00e1pidamente se encontr\u00f3 un nombre: SEE \u2013 Shared Event Experiences.<\/p><p><strong>En mayo de 2019, SEE Network Spain se fund\u00f3<\/strong>\u00a0como primera sede en Barcelona. El lanzamiento de la red internacional estaba previsto para principios de 2020\u2026<br \/>Entonces lleg\u00f3 la pandemia. Una cat\u00e1strofe econ\u00f3mica \u2013 no s\u00f3lo para la industria del turismo y eventos. La pausa forzada para la idea b\u00e1sica de la red paneuropea conjunta dur\u00f3, aunque las prioridades econ\u00f3micas evolucionaron de forma diferente durante los tres a\u00f1os siguientes. Para los pioneros de Barcelona, sin embargo, \u00e9sta fue quiz\u00e1 la mejor \u00abprueba de concepto\u00bb que podr\u00edamos haber deseado.<\/p><p>Como la idea era tan fuerte, perdur\u00f3 a pesar de todas las adversidades. M\u00e1s a\u00fan. Hoy en d\u00eda,\u00a0<strong>SEE Event + Destination Network<\/strong>\u00a0utiliza una columna vertebral inform\u00e1tica internacional compartida, desde la investigaci\u00f3n hasta la gesti\u00f3n de invitados y la contabilidad. Sucursales en varios pa\u00edses europeos colaboran activamente en la red SEE y ofrecen acceso a sus propias especialidades y a todo el espectro de eventos. Actualmente se est\u00e1n estableciendo m\u00e1s oficinas y cooperaciones en mercados estrat\u00e9gicamente importantes. Las reacciones positivas y los pedidos demuestran que ha llegado el momento de \u00abOne Stop Event Sourcing\u00bb y que la clave del \u00e9xito est\u00e1 m\u00e1s que nunca en unos elevados niveles de calidad combinados con el uso sostenible de los recursos.<\/p><p>SEE significa ahora Sustainable Event Experience (experiencia sostenible en eventos), tanto desde el punto de vista econ\u00f3mico, ecol\u00f3gico y social como emocional.<\/p><p><strong>Let\u00b4s SEE<\/strong>\u00a0c\u00f3mo podemos ayudarle.<\/p>\t\t\t\t\t\t\t\t<\/div>\n\t\t\t\t<\/div>\n\t\t\t\t\t<\/div>\n\t\t\t\t<\/div>\n\t\t\t\t<\/div>\n\t\t","protected":false},"excerpt":{"rendered":"<p>Sobre Nosotros\u200b La historia detr\u00e1s de\u00a0 SEE Un proyecto a largo plazode Christian Seidenst\u00fccker, fundador y Director General de JOKE Event AG.\u00a0 Descubre toda la historia Un proyecto a largo plazo Un proyecto a largo plazo de\u00a0Christian Seidenst\u00fccker, fundador y director general\u00a0de una agencia de eventos alemana con presencia internacional.Desde hace m\u00e1s de diez a\u00f1os, [&hellip;]<\/p>\n","protected":false},"author":1,"featured_media":0,"parent":0,"menu_order":0,"comment_status":"closed","ping_status":"closed","template":"","meta":{"_acf_changed":false,"footnotes":""},"class_list":["post-1733","page","type-page","status-publish","hentry"],"acf":[],"yoast_head":"<!-- This site is optimized with the Yoast SEO plugin v25.0 - https:\/\/yoast.com\/wordpress\/plugins\/seo\/ -->\n<title>Sobre Nosotros - see-network<\/title>\n<meta name=\"robots\" content=\"noindex, follow, max-snippet:-1, max-image-preview:large, max-video-preview:-1\" \/>\n<meta property=\"og:locale\" content=\"es_ES\" \/>\n<meta property=\"og:type\" content=\"article\" \/>\n<meta property=\"og:title\" content=\"Sobre Nosotros - see-network\" \/>\n<meta property=\"og:description\" content=\"Sobre Nosotros\u200b La historia detr\u00e1s de\u00a0 SEE Un proyecto a largo plazode Christian Seidenst\u00fccker, fundador y Director General de JOKE Event AG.\u00a0 Descubre toda la historia Un proyecto a largo plazo Un proyecto a largo plazo de\u00a0Christian Seidenst\u00fccker, fundador y director general\u00a0de una agencia de eventos alemana con presencia internacional.Desde hace m\u00e1s de diez a\u00f1os, [&hellip;]\" \/>\n<meta property=\"og:url\" content=\"https:\/\/new.see-network.com\/es\/sobre-nosotros\/\" \/>\n<meta property=\"og:site_name\" content=\"see-network\" \/>\n<meta property=\"article:modified_time\" content=\"2025-03-24T13:42:21+00:00\" \/>\n<meta name=\"twitter:card\" content=\"summary_large_image\" \/>\n<meta name=\"twitter:label1\" content=\"Tiempo de lectura\" \/>\n\t<meta name=\"twitter:data1\" content=\"3 minutos\" \/>\n<script type=\"application\/ld+json\" class=\"yoast-schema-graph\">{\"@context\":\"https:\/\/schema.org\",\"@graph\":[{\"@type\":\"WebPage\",\"@id\":\"https:\/\/new.see-network.com\/es\/sobre-nosotros\/\",\"url\":\"https:\/\/new.see-network.com\/es\/sobre-nosotros\/\",\"name\":\"Sobre Nosotros - see-network\",\"isPartOf\":{\"@id\":\"https:\/\/new.see-network.com\/#website\"},\"datePublished\":\"2024-12-17T09:48:10+00:00\",\"dateModified\":\"2025-03-24T13:42:21+00:00\",\"breadcrumb\":{\"@id\":\"https:\/\/new.see-network.com\/es\/sobre-nosotros\/#breadcrumb\"},\"inLanguage\":\"es\",\"potentialAction\":[{\"@type\":\"ReadAction\",\"target\":[\"https:\/\/new.see-network.com\/es\/sobre-nosotros\/\"]}]},{\"@type\":\"BreadcrumbList\",\"@id\":\"https:\/\/new.see-network.com\/es\/sobre-nosotros\/#breadcrumb\",\"itemListElement\":[{\"@type\":\"ListItem\",\"position\":1,\"name\":\"Portada\",\"item\":\"https:\/\/new.see-network.com\/es\/\"},{\"@type\":\"ListItem\",\"position\":2,\"name\":\"Sobre Nosotros\"}]},{\"@type\":\"WebSite\",\"@id\":\"https:\/\/new.see-network.com\/#website\",\"url\":\"https:\/\/new.see-network.com\/\",\"name\":\"see-network\",\"description\":\"\",\"publisher\":{\"@id\":\"https:\/\/new.see-network.com\/#organization\"},\"potentialAction\":[{\"@type\":\"SearchAction\",\"target\":{\"@type\":\"EntryPoint\",\"urlTemplate\":\"https:\/\/new.see-network.com\/?s={search_term_string}\"},\"query-input\":{\"@type\":\"PropertyValueSpecification\",\"valueRequired\":true,\"valueName\":\"search_term_string\"}}],\"inLanguage\":\"es\"},{\"@type\":\"Organization\",\"@id\":\"https:\/\/new.see-network.com\/#organization\",\"name\":\"see-network\",\"url\":\"https:\/\/new.see-network.com\/\",\"logo\":{\"@type\":\"ImageObject\",\"inLanguage\":\"es\",\"@id\":\"https:\/\/new.see-network.com\/#\/schema\/logo\/image\/\",\"url\":\"https:\/\/new.see-network.com\/wp-content\/uploads\/2024\/10\/logo.svg\",\"contentUrl\":\"https:\/\/new.see-network.com\/wp-content\/uploads\/2024\/10\/logo.svg\",\"caption\":\"see-network\"},\"image\":{\"@id\":\"https:\/\/new.see-network.com\/#\/schema\/logo\/image\/\"}}]}<\/script>\n<!-- \/ Yoast SEO plugin. -->","yoast_head_json":{"title":"Sobre Nosotros - see-network","robots":{"index":"noindex","follow":"follow","max-snippet":"max-snippet:-1","max-image-preview":"max-image-preview:large","max-video-preview":"max-video-preview:-1"},"og_locale":"es_ES","og_type":"article","og_title":"Sobre Nosotros - see-network","og_description":"Sobre Nosotros\u200b La historia detr\u00e1s de\u00a0 SEE Un proyecto a largo plazode Christian Seidenst\u00fccker, fundador y Director General de JOKE Event AG.\u00a0 Descubre toda la historia Un proyecto a largo plazo Un proyecto a largo plazo de\u00a0Christian Seidenst\u00fccker, fundador y director general\u00a0de una agencia de eventos alemana con presencia internacional.Desde hace m\u00e1s de diez a\u00f1os, [&hellip;]","og_url":"https:\/\/new.see-network.com\/es\/sobre-nosotros\/","og_site_name":"see-network","article_modified_time":"2025-03-24T13:42:21+00:00","twitter_card":"summary_large_image","twitter_misc":{"Tiempo de lectura":"3 minutos"},"schema":{"@context":"https:\/\/schema.org","@graph":[{"@type":"WebPage","@id":"https:\/\/new.see-network.com\/es\/sobre-nosotros\/","url":"https:\/\/new.see-network.com\/es\/sobre-nosotros\/","name":"Sobre Nosotros - see-network","isPartOf":{"@id":"https:\/\/new.see-network.com\/#website"},"datePublished":"2024-12-17T09:48:10+00:00","dateModified":"2025-03-24T13:42:21+00:00","breadcrumb":{"@id":"https:\/\/new.see-network.com\/es\/sobre-nosotros\/#breadcrumb"},"inLanguage":"es","potentialAction":[{"@type":"ReadAction","target":["https:\/\/new.see-network.com\/es\/sobre-nosotros\/"]}]},{"@type":"BreadcrumbList","@id":"https:\/\/new.see-network.com\/es\/sobre-nosotros\/#breadcrumb","itemListElement":[{"@type":"ListItem","position":1,"name":"Portada","item":"https:\/\/new.see-network.com\/es\/"},{"@type":"ListItem","position":2,"name":"Sobre Nosotros"}]},{"@type":"WebSite","@id":"https:\/\/new.see-network.com\/#website","url":"https:\/\/new.see-network.com\/","name":"see-network","description":"","publisher":{"@id":"https:\/\/new.see-network.com\/#organization"},"potentialAction":[{"@type":"SearchAction","target":{"@type":"EntryPoint","urlTemplate":"https:\/\/new.see-network.com\/?s={search_term_string}"},"query-input":{"@type":"PropertyValueSpecification","valueRequired":true,"valueName":"search_term_string"}}],"inLanguage":"es"},{"@type":"Organization","@id":"https:\/\/new.see-network.com\/#organization","name":"see-network","url":"https:\/\/new.see-network.com\/","logo":{"@type":"ImageObject","inLanguage":"es","@id":"https:\/\/new.see-network.com\/#\/schema\/logo\/image\/","url":"https:\/\/new.see-network.com\/wp-content\/uploads\/2024\/10\/logo.svg","contentUrl":"https:\/\/new.see-network.com\/wp-content\/uploads\/2024\/10\/logo.svg","caption":"see-network"},"image":{"@id":"https:\/\/new.see-network.com\/#\/schema\/logo\/image\/"}}]}},"_links":{"self":[{"href":"https:\/\/new.see-network.com\/es\/wp-json\/wp\/v2\/pages\/1733","targetHints":{"allow":["GET"]}}],"collection":[{"href":"https:\/\/new.see-network.com\/es\/wp-json\/wp\/v2\/pages"}],"about":[{"href":"https:\/\/new.see-network.com\/es\/wp-json\/wp\/v2\/types\/page"}],"author":[{"embeddable":true,"href":"https:\/\/new.see-network.com\/es\/wp-json\/wp\/v2\/users\/1"}],"replies":[{"embeddable":true,"href":"https:\/\/new.see-network.com\/es\/wp-json\/wp\/v2\/comments?post=1733"}],"version-history":[{"count":6,"href":"https:\/\/new.see-network.com\/es\/wp-json\/wp\/v2\/pages\/1733\/revisions"}],"predecessor-version":[{"id":1742,"href":"https:\/\/new.see-network.com\/es\/wp-json\/wp\/v2\/pages\/1733\/revisions\/1742"}],"wp:attachment":[{"href":"https:\/\/new.see-network.com\/es\/wp-json\/wp\/v2\/media?parent=1733"}],"curies":[{"name":"wp","href":"https:\/\/api.w.org\/{rel}","templated":true}]}}